{"id":382,"date":"2025-11-06T10:03:22","date_gmt":"2025-11-06T10:03:22","guid":{"rendered":"https:\/\/metanoialtd.com\/?page_id=382"},"modified":"2025-11-28T08:07:07","modified_gmt":"2025-11-28T08:07:07","slug":"consultations","status":"publish","type":"page","link":"https:\/\/metanoialtd.com\/index.php\/consultations\/","title":{"rendered":"Consultations"},"content":{"rendered":"\t\t<div data-elementor-type=\"wp-page\" data-elementor-id=\"382\" class=\"elementor elementor-382\" data-elementor-post-type=\"page\">\n\t\t\t\t\t\t<section class=\"elementor-section elementor-top-section elementor-element elementor-element-1ddaa79a elementor-section-height-min-height elementor-section-boxed elementor-section-height-default elementor-section-items-middle\" data-id=\"1ddaa79a\" data-element_type=\"section\" data-settings=\"{&quot;background_background&quot;:&quot;classic&quot;}\">\n\t\t\t\t\t\t\t<div class=\"elementor-background-overlay\"><\/div>\n\t\t\t\t\t\t\t<div class=\"elementor-container elementor-column-gap-default\">\n\t\t\t\t\t<div class=\"elementor-column elementor-col-100 elementor-top-column elementor-element elementor-element-2cf21c8b\" data-id=\"2cf21c8b\" data-element_type=\"column\">\n\t\t\t<div class=\"elementor-widget-wrap elementor-element-populated\">\n\t\t\t\t\t\t<div class=\"elementor-element elementor-element-7e562fb8 elementor-invisible elementor-widget elementor-widget-heading\" data-id=\"7e562fb8\" data-element_type=\"widget\" data-settings=\"{&quot;_animation&quot;:&quot;fadeIn&quot;}\" data-widget_type=\"heading.default\">\n\t\t\t\t\t<h2 class=\"elementor-heading-title elementor-size-default\">Consultations<\/h2>\t\t\t\t<\/div>\n\t\t\t\t<div class=\"elementor-element elementor-element-6f707584 elementor-icon-list--layout-inline elementor-align-center elementor-list-item-link-full_width elementor-invisible elementor-widget elementor-widget-icon-list\" data-id=\"6f707584\" data-element_type=\"widget\" data-settings=\"{&quot;_animation&quot;:&quot;fadeIn&quot;,&quot;_animation_delay&quot;:200}\" data-widget_type=\"icon-list.default\">\n\t\t\t\t\t\t\t<ul class=\"elementor-icon-list-items elementor-inline-items\">\n\t\t\t\t\t\t\t<li class=\"elementor-icon-list-item elementor-inline-item\">\n\t\t\t\t\t\t\t\t\t\t<span class=\"elementor-icon-list-text\">Chaque accompagnement est adapt\u00e9 \u00e0 vos besoins sp\u00e9cifiques. <p>Les modalit\u00e9s et le cadre sont d\u00e9finis ensemble lors d'un premier \u00e9change.<\/span>\n\t\t\t\t\t\t\t\t\t<\/li>\n\t\t\t\t\t\t<\/ul>\n\t\t\t\t\t\t<\/div>\n\t\t\t\t\t<\/div>\n\t\t<\/div>\n\t\t\t\t\t<\/div>\n\t\t<\/section>\n\t\t\t\t<section class=\"elementor-section elementor-top-section elementor-element elementor-element-146f1ebc elementor-section-boxed elementor-section-height-default elementor-section-height-default\" data-id=\"146f1ebc\" data-element_type=\"section\">\n\t\t\t\t\t\t\t<div class=\"elementor-background-overlay\"><\/div>\n\t\t\t\t\t\t\t<div class=\"elementor-container elementor-column-gap-default\">\n\t\t\t\t\t<div class=\"elementor-column elementor-col-100 elementor-top-column elementor-element elementor-element-68bbecbb\" data-id=\"68bbecbb\" data-element_type=\"column\">\n\t\t\t<div class=\"elementor-widget-wrap elementor-element-populated\">\n\t\t\t\t\t\t<div class=\"elementor-element elementor-element-7b8053bb elementor-invisible elementor-widget elementor-widget-text-editor\" data-id=\"7b8053bb\" data-element_type=\"widget\" data-settings=\"{&quot;_animation&quot;:&quot;fadeIn&quot;}\" data-widget_type=\"text-editor.default\">\n\t\t\t\t\t\t\t\t\t<h4>J&#8217;accompagne les personnes et les organisations \u00e0 travers quatre services compl\u00e9mentaires.<\/h4>\t\t\t\t\t\t\t\t<\/div>\n\t\t\t\t<div class=\"elementor-element elementor-element-93f3da3 elementor-invisible elementor-widget elementor-widget-heading\" data-id=\"93f3da3\" data-element_type=\"widget\" data-settings=\"{&quot;_animation&quot;:&quot;fadeIn&quot;,&quot;_animation_delay&quot;:200}\" data-widget_type=\"heading.default\">\n\t\t\t\t\t<h2 class=\"elementor-heading-title elementor-size-default\">Mes domaines d'intervention :<\/h2>\t\t\t\t<\/div>\n\t\t\t\t<section class=\"elementor-section elementor-inner-section elementor-element elementor-element-4c91954b elementor-section-height-min-height elementor-section-content-bottom elementor-section-boxed elementor-section-height-default\" data-id=\"4c91954b\" data-element_type=\"section\" data-settings=\"{&quot;background_background&quot;:&quot;classic&quot;}\">\n\t\t\t\t\t\t<div class=\"elementor-container elementor-column-gap-default\">\n\t\t\t\t\t<div class=\"elementor-column elementor-col-50 elementor-inner-column elementor-element elementor-element-624f4d05 elementor-invisible\" data-id=\"624f4d05\" data-element_type=\"column\" data-settings=\"{&quot;animation&quot;:&quot;fadeIn&quot;,&quot;animation_delay&quot;:500}\">\n\t\t\t<div class=\"elementor-widget-wrap elementor-element-populated\">\n\t\t\t\t\t\t<div class=\"elementor-element elementor-element-41fc14cd elementor-widget-tablet__width-inherit ekit-equal-height-disable elementor-widget elementor-widget-elementskit-icon-box\" data-id=\"41fc14cd\" data-element_type=\"widget\" data-widget_type=\"elementskit-icon-box.default\">\n\t\t\t\t\t<div class=\"ekit-wid-con\" >        <!-- link opening -->\n                <!-- end link opening -->\n\n        <div class=\"elementskit-infobox text-left text-left icon-top-align elementor-animation-   \">\n                    <div class=\"elementskit-box-header elementor-animation-\">\n                <div class=\"elementskit-info-box-icon  \">\n                    <svg xmlns=\"http:\/\/www.w3.org\/2000\/svg\" width=\"98\" height=\"98\" viewBox=\"0 0 98 98\" fill=\"none\"><g><path d=\"M98 49.0029C98 76.0647 76.0589 98.0058 48.9971 98.0058C21.9352 98.0058 0 76.0647 0 49.0029C0 21.9411 21.9411 0 49.0029 0C76.0647 0 98.0058 21.9411 98.0058 49.0029H98ZM92.8326 48.7463C74.7758 47.1599 58.2879 34.5038 51.9949 17.5494C50.5426 13.6359 50.1227 9.49497 48.7988 5.57567C46.67 28.2166 27.6917 46.4309 5.34238 49.0321C27.5284 51.5866 46.355 69.4684 48.7988 91.9052C50.1519 88.0209 50.6418 83.95 52.1465 80.0832C57.1331 67.2172 67.8354 57.0165 80.5964 51.9599L92.8326 48.7521V48.7463Z\" fill=\"#EAD9CA\"><\/path><\/g><defs><rect width=\"98\" height=\"98\" fill=\"white\"><\/rect><\/defs><\/svg>\n                <\/div>\n          <\/div>\n                        <div class=\"box-body\">\n                            <h3 class=\"elementskit-info-box-title\">\n                    Consultation Psychologique                <\/h3>\n                        \t\t  \t<p>Accompagnement individuel pour les difficult\u00e9s du quotidien, les troubles sp\u00e9cifiques ou l'am\u00e9lioration du bien-\u00eatre g\u00e9n\u00e9ral.<\/p>\n                                        <div class=\"box-footer disable_hover_button\">\n                    <div class=\"btn-wraper\">\n                                                            <a class=\"elementskit-btn whitespace--normal\" href=\"https:\/\/metanoialtd.com\/index.php\/consultation-psychologique\/\">\n                                                                                Lire Plus                                    <\/a>\n                                                        <\/div>\n                <\/div>\n                    <\/div>\n        \n        \n                <\/div>\n        <\/div>\t\t\t\t<\/div>\n\t\t\t\t<div class=\"elementor-element elementor-element-4beb5cb3 elementor-widget-tablet__width-initial ekit-equal-height-disable elementor-widget elementor-widget-elementskit-icon-box\" data-id=\"4beb5cb3\" data-element_type=\"widget\" data-widget_type=\"elementskit-icon-box.default\">\n\t\t\t\t\t<div class=\"ekit-wid-con\" >        <!-- link opening -->\n                <!-- end link opening -->\n\n        <div class=\"elementskit-infobox text-left text-left icon-top-align elementor-animation-   \">\n                    <div class=\"elementskit-box-header elementor-animation-\">\n                <div class=\"elementskit-info-box-icon  \">\n                    <svg xmlns=\"http:\/\/www.w3.org\/2000\/svg\" width=\"110\" height=\"110\" viewBox=\"0 0 110 110\" fill=\"none\"><g><path d=\"M9.50229 64.5169C14.7503 64.5169 19.0046 60.2575 19.0046 55.0032C19.0046 49.749 14.7503 45.4896 9.50229 45.4896C4.25432 45.4896 0 49.749 0 55.0032C0 60.2575 4.25432 64.5169 9.50229 64.5169Z\" fill=\"#B0A7CD\"><\/path><path d=\"M100.498 64.5169C105.746 64.5169 110 60.2575 110 55.0032C110 49.749 105.746 45.4896 100.498 45.4896C95.2497 45.4896 90.9954 49.749 90.9954 55.0032C90.9954 60.2575 95.2497 64.5169 100.498 64.5169Z\" fill=\"#B0A7CD\"><\/path><path d=\"M22.7702 96.6902C28.0145 96.6902 32.2659 92.4337 32.2659 87.1831C32.2659 81.9325 28.0145 77.676 22.7702 77.676C17.5258 77.676 13.2744 81.9325 13.2744 87.1831C13.2744 92.4337 17.5258 96.6902 22.7702 96.6902Z\" fill=\"#B0A7CD\"><\/path><path d=\"M22.8095 32.2912C28.0538 32.2912 32.3052 28.0348 32.3052 22.7842C32.3052 17.5336 28.0538 13.2771 22.8095 13.2771C17.5651 13.2771 13.3137 17.5336 13.3137 22.7842C13.3137 28.0348 17.5651 32.2912 22.8095 32.2912Z\" fill=\"#B0A7CD\"><\/path><path d=\"M87.1841 32.2519C92.4103 32.2519 96.6471 28.0101 96.6471 22.7776C96.6471 17.5451 92.4103 13.3033 87.1841 13.3033C81.9578 13.3033 77.7211 17.5451 77.7211 22.7776C77.7211 28.0101 81.9578 32.2519 87.1841 32.2519Z\" fill=\"#B0A7CD\"><\/path><path d=\"M54.9575 18.9223C60.1765 18.9223 64.4074 14.6864 64.4074 9.46117C64.4074 4.23591 60.1765 0 54.9575 0C49.7384 0 45.5076 4.23591 45.5076 9.46117C45.5076 14.6864 49.7384 18.9223 54.9575 18.9223Z\" fill=\"#B0A7CD\"><\/path><path d=\"M54.9902 110C60.2092 110 64.4401 105.764 64.4401 100.539C64.4401 95.3135 60.2092 91.0776 54.9902 91.0776C49.7711 91.0776 45.5403 95.3135 45.5403 100.539C45.5403 105.764 49.7711 110 54.9902 110Z\" fill=\"#B0A7CD\"><\/path><path d=\"M87.1513 96.618C92.3631 96.618 96.5881 92.388 96.5881 87.17C96.5881 81.952 92.3631 77.7219 87.1513 77.7219C81.9395 77.7219 77.7145 81.952 77.7145 87.17C77.7145 92.388 81.9395 96.618 87.1513 96.618Z\" fill=\"#B0A7CD\"><\/path><\/g><defs><rect width=\"110\" height=\"110\" fill=\"white\"><\/rect><\/defs><\/svg>\n                <\/div>\n          <\/div>\n                        <div class=\"box-body\">\n                            <h3 class=\"elementskit-info-box-title\">\n                    Soutien aux Aidants                <\/h3>\n                        \t\t  \t<p>Accompagnement psychologique pour les proches de personnes en situation de d\u00e9pendance ou de maladie.<\/p>\n                                        <div class=\"box-footer disable_hover_button\">\n                    <div class=\"btn-wraper\">\n                                                            <a class=\"elementskit-btn whitespace--normal\" href=\"https:\/\/metanoialtd.com\/index.php\/consultations-soutien-aux-aidants\/\">\n                                                                                Lire Plus                                    <\/a>\n                                                        <\/div>\n                <\/div>\n                    <\/div>\n        \n        \n                <\/div>\n        <\/div>\t\t\t\t<\/div>\n\t\t\t\t\t<\/div>\n\t\t<\/div>\n\t\t\t\t<div class=\"elementor-column elementor-col-50 elementor-inner-column elementor-element elementor-element-a35a381 elementor-invisible\" data-id=\"a35a381\" data-element_type=\"column\" data-settings=\"{&quot;animation&quot;:&quot;fadeIn&quot;,&quot;animation_delay&quot;:500}\">\n\t\t\t<div class=\"elementor-widget-wrap elementor-element-populated\">\n\t\t\t\t\t\t<div class=\"elementor-element elementor-element-95374d8 elementor-widget-tablet__width-initial ekit-equal-height-disable elementor-widget elementor-widget-elementskit-icon-box\" data-id=\"95374d8\" data-element_type=\"widget\" data-widget_type=\"elementskit-icon-box.default\">\n\t\t\t\t\t<div class=\"ekit-wid-con\" >        <!-- link opening -->\n                <!-- end link opening -->\n\n        <div class=\"elementskit-infobox text-left text-left icon-top-align elementor-animation-   \">\n                    <div class=\"elementskit-box-header elementor-animation-\">\n                <div class=\"elementskit-info-box-icon  \">\n                    <svg xmlns=\"http:\/\/www.w3.org\/2000\/svg\" width=\"98\" height=\"98\" viewBox=\"0 0 98 98\" fill=\"none\"><g><path d=\"M48.5015 42.8957C49.3697 42.785 49.4512 42.0799 49.6144 41.3922C55.0682 18.6361 67.6074 4.52786 91.3863 0.419518L97.7491 0.326279C98.5008 25.0929 78.5966 46.1707 54.3166 49.0145C74.3547 51.3105 91.9457 66.2404 96.5721 86.0129C97.0383 88.0175 98.9086 96.9568 97.452 97.9999C73.4632 97.9708 51.8693 79.0957 49.3638 55.1275C47.9538 54.8886 48.6705 55.786 48.5131 56.5902C43.8867 80.8556 25.2702 97.8309 0.127848 97.6736C-0.245064 73.1284 19.5426 51.5145 43.8343 49.0145C21.1624 46.4388 2.07398 27.622 0.203595 4.65606C0.0462734 2.71553 -0.641282 -0.256465 1.87004 0.0174245C7.90655 0.675925 12.5913 1.13047 18.3481 3.40317C34.3716 9.74342 47.1846 25.5066 48.4957 42.8899L48.5015 42.8957Z\" fill=\"#B0A7CD\"><\/path><\/g><defs><rect width=\"98\" height=\"98\" fill=\"white\"><\/rect><\/defs><\/svg>\n                <\/div>\n          <\/div>\n                        <div class=\"box-body\">\n                            <h3 class=\"elementskit-info-box-title\">\n                    Consultation Neuropsychologique                <\/h3>\n                        \t\t  \t<p>Evaluation et prise en charge des troubles cognitifs (m\u00e9moire, concentration, langage...)\n<\/p>\n                                        <div class=\"box-footer disable_hover_button\">\n                    <div class=\"btn-wraper\">\n                                                            <a class=\"elementskit-btn whitespace--normal\" href=\"https:\/\/metanoialtd.com\/index.php\/consultation-psychologique\/\">\n                                                                                Lire Plus                                    <\/a>\n                                                        <\/div>\n                <\/div>\n                    <\/div>\n        \n        \n                <\/div>\n        <\/div>\t\t\t\t<\/div>\n\t\t\t\t<div class=\"elementor-element elementor-element-cfd967f elementor-widget-tablet__width-initial ekit-equal-height-disable elementor-widget elementor-widget-elementskit-icon-box\" data-id=\"cfd967f\" data-element_type=\"widget\" data-widget_type=\"elementskit-icon-box.default\">\n\t\t\t\t\t<div class=\"ekit-wid-con\" >        <!-- link opening -->\n                <!-- end link opening -->\n\n        <div class=\"elementskit-infobox text-left text-left icon-top-align elementor-animation-   \">\n                    <div class=\"elementskit-box-header elementor-animation-\">\n                <div class=\"elementskit-info-box-icon  \">\n                    <svg xmlns=\"http:\/\/www.w3.org\/2000\/svg\" width=\"100\" height=\"100\" viewBox=\"0 0 100 100\" fill=\"none\"><g><path d=\"M49.4077 43.5242C50.0803 44.3642 50.5386 43.6017 50.5862 42.6306C50.7053 40.206 50.985 38.8119 51.6338 36.5184C57.6632 15.0183 77.3585 -0.691218 100 0.029621C99.5357 36.6971 62.0558 60.8839 28.4447 45.1386C11.3148 37.1201 -0.0833628 19.0157 -3.44302e-05 0.029621C24.433 -0.91164 47.4079 19.0753 49.4077 43.5182V43.5242Z\" fill=\"#EAD9CA\"><\/path><path d=\"M49.4078 94.1559C50.2232 94.3048 50.3065 93.0836 50.4256 92.5057C54.8479 71.2559 66.7937 56.7497 88.1852 51.0605L99.7143 50.0417C100.292 69.7546 87.5543 88.4488 69.4483 96.0563C36.4681 109.907 0.083349 85.5356 0.0535889 50.1311C24.5283 48.8503 47.9257 69.5342 49.4078 94.1618V94.1559Z\" fill=\"#EAD9CA\"><\/path><\/g><defs><rect width=\"100\" height=\"100\" fill=\"white\"><\/rect><\/defs><\/svg>\n                <\/div>\n          <\/div>\n                        <div class=\"box-body\">\n                            <h3 class=\"elementskit-info-box-title\">\n                    Entreprises &amp; Collectifs                <\/h3>\n                        \t\t  \t<p>Interventions sur-mesure pour soutenir les \u00e9quipes face aux difficult\u00e9s professionnelles \u200e  \u200e  \u200e  \u200e  \u200e  \u200e  \u200e  \u200e  \u200e  \u200e  \u200e  \u200e  \u200e  \u200e  \u200e  \u200e  \u200e  \u200e  \u200e  \u200e  \u200e  \u200e  \u200e  \u200e  \u200e  \u200e  \u200e  \u200e  \u200e  \u200e  \u200e  \u200e  \u200e  \u200e  \u200e  \u200e  \u200e  \u200e  \u200e  \u200e \u200e \u200e \u200e \u200e \u200e \u200e \u200e \u200e \u200e \u200e \u200e \u200e \u200e \u200e \u200e \u200e \u200e \u200e \u200e \u200e \u200e \u200e \u200e \u200e \u200e \u200e \u200e<\/p>\n                                        <div class=\"box-footer disable_hover_button\">\n                    <div class=\"btn-wraper\">\n                                                            <a class=\"elementskit-btn whitespace--normal\" href=\"https:\/\/metanoialtd.com\/index.php\/consultations-soutien-aux-aidants\/\">\n                                                                                Lire Plus                                    <\/a>\n                                                        <\/div>\n                <\/div>\n                    <\/div>\n        \n        \n                <\/div>\n        <\/div>\t\t\t\t<\/div>\n\t\t\t\t\t<\/div>\n\t\t<\/div>\n\t\t\t\t\t<\/div>\n\t\t<\/section>\n\t\t\t\t\t<\/div>\n\t\t<\/div>\n\t\t\t\t\t<\/div>\n\t\t<\/section>\n\t\t\t\t<section class=\"elementor-section elementor-top-section elementor-element elementor-element-47c69398 elementor-section-boxed elementor-section-height-default elementor-section-height-default\" data-id=\"47c69398\" data-element_type=\"section\" data-settings=\"{&quot;background_background&quot;:&quot;classic&quot;}\">\n\t\t\t\t\t\t\t<div class=\"elementor-background-overlay\"><\/div>\n\t\t\t\t\t\t\t<div class=\"elementor-container elementor-column-gap-default\">\n\t\t\t\t\t<div class=\"elementor-column elementor-col-100 elementor-top-column elementor-element elementor-element-0a79bf6 elementor-invisible\" data-id=\"0a79bf6\" data-element_type=\"column\" data-settings=\"{&quot;background_background&quot;:&quot;classic&quot;,&quot;animation&quot;:&quot;fadeIn&quot;}\">\n\t\t\t<div class=\"elementor-widget-wrap elementor-element-populated\">\n\t\t\t\t\t<div class=\"elementor-background-overlay\"><\/div>\n\t\t\t\t\t\t<div class=\"elementor-element elementor-element-0387866 elementor-invisible elementor-widget elementor-widget-heading\" data-id=\"0387866\" data-element_type=\"widget\" data-settings=\"{&quot;_animation&quot;:&quot;fadeIn&quot;,&quot;_animation_delay&quot;:200}\" data-widget_type=\"heading.default\">\n\t\t\t\t\t<h2 class=\"elementor-heading-title elementor-size-default\">Contactez Moi<\/h2>\t\t\t\t<\/div>\n\t\t\t\t<div class=\"elementor-element elementor-element-e2d46bd elementor-invisible elementor-widget elementor-widget-text-editor\" data-id=\"e2d46bd\" data-element_type=\"widget\" data-settings=\"{&quot;_animation&quot;:&quot;fadeIn&quot;,&quot;_animation_delay&quot;:400}\" data-widget_type=\"text-editor.default\">\n\t\t\t\t\t\t\t\t\t<p>N&#8217;h\u00e9sitez pas \u00e0 m&#8217;envoyer un message pour toute information sur les services propos\u00e9es ou pour une prise de rendez-vous. Je vous r\u00e9pondrai avec plaisir.<\/p>\t\t\t\t\t\t\t\t<\/div>\n\t\t\t\t<div class=\"elementor-element elementor-element-5cfb4b7 elementor-widget__width-auto elementor-mobile-align-center elementor-widget-mobile__width-initial elementor-invisible elementor-widget elementor-widget-button\" data-id=\"5cfb4b7\" data-element_type=\"widget\" data-settings=\"{&quot;_animation&quot;:&quot;fadeIn&quot;,&quot;_animation_delay&quot;:600}\" data-widget_type=\"button.default\">\n\t\t\t\t\t\t\t\t\t\t<a class=\"elementor-button elementor-button-link elementor-size-sm\" href=\"https:\/\/metanoialtd.com\/index.php\/contact\/\">\n\t\t\t\t\t\t<span class=\"elementor-button-content-wrapper\">\n\t\t\t\t\t\t\t\t\t<span class=\"elementor-button-text\">Prise de contact<\/span>\n\t\t\t\t\t<\/span>\n\t\t\t\t\t<\/a>\n\t\t\t\t\t\t\t\t<\/div>\n\t\t\t\t<div class=\"elementor-element elementor-element-54d2fdd elementor-widget__width-auto elementor-mobile-align-center elementor-widget-mobile__width-initial elementor-invisible elementor-widget elementor-widget-button\" data-id=\"54d2fdd\" data-element_type=\"widget\" data-settings=\"{&quot;_animation&quot;:&quot;fadeIn&quot;,&quot;_animation_delay&quot;:700}\" data-widget_type=\"button.default\">\n\t\t\t\t\t\t\t\t\t\t<a class=\"elementor-button elementor-button-link elementor-size-sm\" href=\"https:\/\/metanoialtd.com\/index.php\/contact\/\">\n\t\t\t\t\t\t<span class=\"elementor-button-content-wrapper\">\n\t\t\t\t\t\t\t\t\t<span class=\"elementor-button-text\">Prise de rendez-vous<\/span>\n\t\t\t\t\t<\/span>\n\t\t\t\t\t<\/a>\n\t\t\t\t\t\t\t\t<\/div>\n\t\t\t\t\t<\/div>\n\t\t<\/div>\n\t\t\t\t\t<\/div>\n\t\t<\/section>\n\t\t<div class=\"elementor-element elementor-element-da03fb3 e-flex e-con-boxed e-con e-parent\" data-id=\"da03fb3\" data-element_type=\"container\">\n\t\t\t\t\t<div class=\"e-con-inner\">\n\t\t\t\t\t<\/div>\n\t\t\t\t<\/div>\n\t\t\t\t<\/div>\n\t\t","protected":false},"excerpt":{"rendered":"<p>Consultations Chaque accompagnement est adapt\u00e9 \u00e0 vos besoins sp\u00e9cifiques. Les modalit\u00e9s et le cadre sont d\u00e9finis ensemble lors d&#8217;un premier \u00e9change. J&#8217;accompagne les personnes et les organisations \u00e0 travers quatre services compl\u00e9mentaires. Mes domaines d&#8217;intervention : Consultation Psychologique Accompagnement individuel pour les difficult\u00e9s du quotidien, les troubles sp\u00e9cifiques ou l&#8217;am\u00e9lioration du bien-\u00eatre g\u00e9n\u00e9ral. Lire Plus [&hellip;]<\/p>\n","protected":false},"author":1,"featured_media":0,"parent":0,"menu_order":0,"comment_status":"closed","ping_status":"closed","template":"elementor_header_footer","meta":{"footnotes":""},"class_list":["post-382","page","type-page","status-publish","hentry"],"_links":{"self":[{"href":"https:\/\/metanoialtd.com\/index.php\/wp-json\/wp\/v2\/pages\/382","targetHints":{"allow":["GET"]}}],"collection":[{"href":"https:\/\/metanoialtd.com\/index.php\/wp-json\/wp\/v2\/pages"}],"about":[{"href":"https:\/\/metanoialtd.com\/index.php\/wp-json\/wp\/v2\/types\/page"}],"author":[{"embeddable":true,"href":"https:\/\/metanoialtd.com\/index.php\/wp-json\/wp\/v2\/users\/1"}],"replies":[{"embeddable":true,"href":"https:\/\/metanoialtd.com\/index.php\/wp-json\/wp\/v2\/comments?post=382"}],"version-history":[{"count":24,"href":"https:\/\/metanoialtd.com\/index.php\/wp-json\/wp\/v2\/pages\/382\/revisions"}],"predecessor-version":[{"id":725,"href":"https:\/\/metanoialtd.com\/index.php\/wp-json\/wp\/v2\/pages\/382\/revisions\/725"}],"wp:attachment":[{"href":"https:\/\/metanoialtd.com\/index.php\/wp-json\/wp\/v2\/media?parent=382"}],"curies":[{"name":"wp","href":"https:\/\/api.w.org\/{rel}","templated":true}]}}