{"id":313,"date":"2025-11-05T18:20:13","date_gmt":"2025-11-05T18:20:13","guid":{"rendered":"https:\/\/metanoialtd.com\/?page_id=313"},"modified":"2025-11-28T07:52:27","modified_gmt":"2025-11-28T07:52:27","slug":"a-propos","status":"publish","type":"page","link":"https:\/\/metanoialtd.com\/index.php\/a-propos\/","title":{"rendered":"A Propos"},"content":{"rendered":"\t\t<div data-elementor-type=\"wp-page\" data-elementor-id=\"313\" class=\"elementor elementor-313\" data-elementor-post-type=\"page\">\n\t\t\t\t\t\t<section class=\"elementor-section elementor-top-section elementor-element elementor-element-7c6e13da elementor-section-height-min-height elementor-section-boxed elementor-section-height-default elementor-section-items-middle\" data-id=\"7c6e13da\" data-element_type=\"section\" data-settings=\"{&quot;background_background&quot;:&quot;classic&quot;}\">\n\t\t\t\t\t\t\t<div class=\"elementor-background-overlay\"><\/div>\n\t\t\t\t\t\t\t<div class=\"elementor-container elementor-column-gap-default\">\n\t\t\t\t\t<div class=\"elementor-column elementor-col-100 elementor-top-column elementor-element elementor-element-5077b4d3\" data-id=\"5077b4d3\" data-element_type=\"column\">\n\t\t\t<div class=\"elementor-widget-wrap elementor-element-populated\">\n\t\t\t\t\t\t<div class=\"elementor-element elementor-element-700fa267 elementor-invisible elementor-widget elementor-widget-heading\" data-id=\"700fa267\" data-element_type=\"widget\" data-settings=\"{&quot;_animation&quot;:&quot;fadeIn&quot;}\" data-widget_type=\"heading.default\">\n\t\t\t\t\t<h2 class=\"elementor-heading-title elementor-size-default\">A Propos<\/h2>\t\t\t\t<\/div>\n\t\t\t\t<div class=\"elementor-element elementor-element-9fd986e elementor-widget elementor-widget-text-editor\" data-id=\"9fd986e\" data-element_type=\"widget\" data-widget_type=\"text-editor.default\">\n\t\t\t\t\t\t\t\t\t<p>Metano\u00efa est une invitation \u00e0 la transformation int\u00e9rieure, \u00e0 un &#8220;changement de vue&#8221;<\/p><p>\u00a0<\/p>\t\t\t\t\t\t\t\t<\/div>\n\t\t\t\t\t<\/div>\n\t\t<\/div>\n\t\t\t\t\t<\/div>\n\t\t<\/section>\n\t\t<div class=\"elementor-element elementor-element-57511c3 e-flex e-con-boxed e-con e-parent\" data-id=\"57511c3\" data-element_type=\"container\">\n\t\t\t\t\t<div class=\"e-con-inner\">\n\t\t\t\t<div class=\"elementor-element elementor-element-7ea77fc elementor-widget elementor-widget-spacer\" data-id=\"7ea77fc\" data-element_type=\"widget\" data-widget_type=\"spacer.default\">\n\t\t\t\t\t\t\t<div class=\"elementor-spacer\">\n\t\t\t<div class=\"elementor-spacer-inner\"><\/div>\n\t\t<\/div>\n\t\t\t\t\t\t<\/div>\n\t\t\t\t\t<\/div>\n\t\t\t\t<\/div>\n\t\t<div class=\"elementor-element elementor-element-22617fa e-grid e-con-boxed e-con e-parent\" data-id=\"22617fa\" data-element_type=\"container\">\n\t\t\t\t\t<div class=\"e-con-inner\">\n\t\t\t\t<div class=\"elementor-element elementor-element-b219095 elementor-widget elementor-widget-image\" data-id=\"b219095\" data-element_type=\"widget\" data-widget_type=\"image.default\">\n\t\t\t\t\t\t\t\t\t\t\t\t\t\t\t<img fetchpriority=\"high\" decoding=\"async\" width=\"2000\" height=\"1333\" src=\"https:\/\/metanoialtd.com\/wp-content\/uploads\/2025\/10\/6ceda954-fa91-4329-a4f5-2425070485d2.jpg\" class=\"attachment-full size-full wp-image-155\" alt=\"\" srcset=\"https:\/\/metanoialtd.com\/wp-content\/uploads\/2025\/10\/6ceda954-fa91-4329-a4f5-2425070485d2.jpg 2000w, https:\/\/metanoialtd.com\/wp-content\/uploads\/2025\/10\/6ceda954-fa91-4329-a4f5-2425070485d2-300x200.jpg 300w, https:\/\/metanoialtd.com\/wp-content\/uploads\/2025\/10\/6ceda954-fa91-4329-a4f5-2425070485d2-1024x682.jpg 1024w, https:\/\/metanoialtd.com\/wp-content\/uploads\/2025\/10\/6ceda954-fa91-4329-a4f5-2425070485d2-768x512.jpg 768w, https:\/\/metanoialtd.com\/wp-content\/uploads\/2025\/10\/6ceda954-fa91-4329-a4f5-2425070485d2-1536x1024.jpg 1536w\" sizes=\"(max-width: 2000px) 100vw, 2000px\" \/>\t\t\t\t\t\t\t\t\t\t\t\t\t\t\t<\/div>\n\t\t<div class=\"elementor-element elementor-element-c04749d e-con-full e-flex e-con e-child\" data-id=\"c04749d\" data-element_type=\"container\">\n\t\t\t\t<div class=\"elementor-element elementor-element-f13e006 elementor-invisible elementor-widget elementor-widget-heading\" data-id=\"f13e006\" data-element_type=\"widget\" data-settings=\"{&quot;_animation&quot;:&quot;fadeIn&quot;,&quot;_animation_delay&quot;:200}\" data-widget_type=\"heading.default\">\n\t\t\t\t\t<h2 class=\"elementor-heading-title elementor-size-default\">METANOIA<\/h2>\t\t\t\t<\/div>\n\t\t\t\t<div class=\"elementor-element elementor-element-4bc5eaf elementor-blockquote--skin-quotation elementor-blockquote--align-left elementor-widget__width-initial elementor-widget elementor-widget-blockquote\" data-id=\"4bc5eaf\" data-element_type=\"widget\" data-widget_type=\"blockquote.default\">\n\t\t\t\t\t\t\t<blockquote class=\"elementor-blockquote\">\n\t\t\t<p class=\"elementor-blockquote__content\">\n\t\t\t\t\u00ab\u00a0\u2026 au-del\u00e0 de nous, au-del\u00e0 de l\u2019intellect, de notre raison rationnelle et se rapporte \u00e0 un mouvement de conversion ou de retournement par lequel l\u2019homme s\u2019ouvre \u00e0 plus grand que lui-m\u00eame en lui-m\u00eame\u00a0\u00bb\t\t\t<\/p>\n\t\t\t\t\t<\/blockquote>\n\t\t\t\t\t\t<\/div>\n\t\t\t\t<div class=\"elementor-element elementor-element-56cb29d elementor-invisible elementor-widget elementor-widget-text-editor\" data-id=\"56cb29d\" data-element_type=\"widget\" data-settings=\"{&quot;_animation&quot;:&quot;fadeIn&quot;,&quot;_animation_delay&quot;:400}\" data-widget_type=\"text-editor.default\">\n\t\t\t\t\t\t\t\t\t<div><p>L&#8217;espace est d\u00e9di\u00e9 \u00e0 l&#8217;accompagnement psychologique, neuropsychologique et \u00e0 la formation.\u00a0<\/p><\/div>\t\t\t\t\t\t\t\t<\/div>\n\t\t\t\t<\/div>\n\t\t\t\t\t<\/div>\n\t\t\t\t<\/div>\n\t\t\t\t<section class=\"elementor-section elementor-top-section elementor-element elementor-element-2c495ccc elementor-section-boxed elementor-section-height-default elementor-section-height-default\" data-id=\"2c495ccc\" data-element_type=\"section\" data-settings=\"{&quot;background_background&quot;:&quot;classic&quot;}\">\n\t\t\t\t\t\t<div class=\"elementor-container elementor-column-gap-default\">\n\t\t\t\t\t<div class=\"elementor-column elementor-col-100 elementor-top-column elementor-element elementor-element-2f33d224\" data-id=\"2f33d224\" data-element_type=\"column\">\n\t\t\t<div class=\"elementor-widget-wrap elementor-element-populated\">\n\t\t\t\t\t\t<section class=\"elementor-section elementor-inner-section elementor-element elementor-element-5911741d elementor-section-boxed elementor-section-height-default elementor-section-height-default\" data-id=\"5911741d\" data-element_type=\"section\">\n\t\t\t\t\t\t<div class=\"elementor-container elementor-column-gap-default\">\n\t\t\t\t\t<div class=\"elementor-column elementor-col-100 elementor-inner-column elementor-element elementor-element-2255f73\" data-id=\"2255f73\" data-element_type=\"column\">\n\t\t\t<div class=\"elementor-widget-wrap elementor-element-populated\">\n\t\t\t\t\t\t<div class=\"elementor-element elementor-element-5b87282e elementor-invisible elementor-widget elementor-widget-text-editor\" data-id=\"5b87282e\" data-element_type=\"widget\" data-settings=\"{&quot;_animation&quot;:&quot;fadeIn&quot;}\" data-widget_type=\"text-editor.default\">\n\t\t\t\t\t\t\t\t\t<p>Mission et valeurs<\/p>\t\t\t\t\t\t\t\t<\/div>\n\t\t\t\t\t<\/div>\n\t\t<\/div>\n\t\t\t\t\t<\/div>\n\t\t<\/section>\n\t\t\t\t<section class=\"elementor-section elementor-inner-section elementor-element elementor-element-7eff7b7f elementor-section-boxed elementor-section-height-default elementor-section-height-default\" data-id=\"7eff7b7f\" data-element_type=\"section\">\n\t\t\t\t\t\t<div class=\"elementor-container elementor-column-gap-default\">\n\t\t\t\t\t<div class=\"elementor-column elementor-col-33 elementor-inner-column elementor-element elementor-element-699d5295 elementor-invisible\" data-id=\"699d5295\" data-element_type=\"column\" data-settings=\"{&quot;background_background&quot;:&quot;classic&quot;,&quot;animation&quot;:&quot;fadeIn&quot;,&quot;animation_delay&quot;:400}\">\n\t\t\t<div class=\"elementor-widget-wrap elementor-element-populated\">\n\t\t\t\t\t\t<div class=\"elementor-element elementor-element-1523f695 elementor-view-stacked elementor-widget__width-auto elementor-shape-circle elementor-widget elementor-widget-icon\" data-id=\"1523f695\" data-element_type=\"widget\" data-widget_type=\"icon.default\">\n\t\t\t\t\t\t\t<div class=\"elementor-icon-wrapper\">\n\t\t\t<div class=\"elementor-icon\">\n\t\t\t<svg aria-hidden=\"true\" class=\"e-font-icon-svg e-fas-bahai\" viewBox=\"0 0 512 512\" xmlns=\"http:\/\/www.w3.org\/2000\/svg\"><path d=\"M496.25 202.52l-110-15.44 41.82-104.34c6.67-16.64-11.6-32.18-26.59-22.63L307.44 120 273.35 12.82C270.64 4.27 263.32 0 256 0c-7.32 0-14.64 4.27-17.35 12.82l-34.09 107.19-94.04-59.89c-14.99-9.55-33.25 5.99-26.59 22.63l41.82 104.34-110 15.43c-17.54 2.46-21.68 26.27-6.03 34.67l98.16 52.66-74.48 83.54c-10.92 12.25-1.72 30.93 13.29 30.93 1.31 0 2.67-.14 4.07-.45l108.57-23.65-4.11 112.55c-.43 11.65 8.87 19.22 18.41 19.22 5.15 0 10.39-2.21 14.2-7.18l68.18-88.9 68.18 88.9c3.81 4.97 9.04 7.18 14.2 7.18 9.54 0 18.84-7.57 18.41-19.22l-4.11-112.55 108.57 23.65c17.36 3.76 29.21-17.2 17.35-30.49l-74.48-83.54 98.16-52.66c15.64-8.39 11.5-32.2-6.04-34.66zM338.51 311.68l-51.89-11.3 1.97 53.79L256 311.68l-32.59 42.49 1.96-53.79-51.89 11.3 35.6-39.93-46.92-25.17 52.57-7.38-19.99-49.87 44.95 28.62L256 166.72l16.29 51.23 44.95-28.62-19.99 49.87 52.57 7.38-46.92 25.17 35.61 39.93z\"><\/path><\/svg>\t\t\t<\/div>\n\t\t<\/div>\n\t\t\t\t\t\t<\/div>\n\t\t\t\t<div class=\"elementor-element elementor-element-34a98230 elementor-widget__width-auto elementor-widget elementor-widget-heading\" data-id=\"34a98230\" data-element_type=\"widget\" data-widget_type=\"heading.default\">\n\t\t\t\t\t<h3 class=\"elementor-heading-title elementor-size-default\">Ouverture<\/h3>\t\t\t\t<\/div>\n\t\t\t\t<div class=\"elementor-element elementor-element-3f5aa175 elementor-widget elementor-widget-text-editor\" data-id=\"3f5aa175\" data-element_type=\"widget\" data-widget_type=\"text-editor.default\">\n\t\t\t\t\t\t\t\t\t<p>Accueillir chaque personne et sa vision du monde, sans jugement.<\/p>\t\t\t\t\t\t\t\t<\/div>\n\t\t\t\t\t<\/div>\n\t\t<\/div>\n\t\t\t\t<div class=\"elementor-column elementor-col-33 elementor-inner-column elementor-element elementor-element-2cd0e90a elementor-invisible\" data-id=\"2cd0e90a\" data-element_type=\"column\" data-settings=\"{&quot;background_background&quot;:&quot;classic&quot;,&quot;animation&quot;:&quot;fadeIn&quot;,&quot;animation_delay&quot;:500}\">\n\t\t\t<div class=\"elementor-widget-wrap elementor-element-populated\">\n\t\t\t\t\t\t<div class=\"elementor-element elementor-element-4f9b708 elementor-view-stacked elementor-widget__width-auto elementor-shape-circle elementor-widget elementor-widget-icon\" data-id=\"4f9b708\" data-element_type=\"widget\" data-widget_type=\"icon.default\">\n\t\t\t\t\t\t\t<div class=\"elementor-icon-wrapper\">\n\t\t\t<div class=\"elementor-icon\">\n\t\t\t<i aria-hidden=\"true\" class=\"icon icon-diamond1\"><\/i>\t\t\t<\/div>\n\t\t<\/div>\n\t\t\t\t\t\t<\/div>\n\t\t\t\t<div class=\"elementor-element elementor-element-4b909a50 elementor-widget__width-auto elementor-widget elementor-widget-heading\" data-id=\"4b909a50\" data-element_type=\"widget\" data-widget_type=\"heading.default\">\n\t\t\t\t\t<h3 class=\"elementor-heading-title elementor-size-default\">Authenticit\u00e9<\/h3>\t\t\t\t<\/div>\n\t\t\t\t<div class=\"elementor-element elementor-element-5085cfa6 elementor-widget elementor-widget-text-editor\" data-id=\"5085cfa6\" data-element_type=\"widget\" data-widget_type=\"text-editor.default\">\n\t\t\t\t\t\t\t\t\t<p>Travailler dans la transparence et la sinc\u00e9rit\u00e9.<\/p>\t\t\t\t\t\t\t\t<\/div>\n\t\t\t\t\t<\/div>\n\t\t<\/div>\n\t\t\t\t<div class=\"elementor-column elementor-col-33 elementor-inner-column elementor-element elementor-element-51c6b991 elementor-invisible\" data-id=\"51c6b991\" data-element_type=\"column\" data-settings=\"{&quot;background_background&quot;:&quot;classic&quot;,&quot;animation&quot;:&quot;fadeIn&quot;,&quot;animation_delay&quot;:600}\">\n\t\t\t<div class=\"elementor-widget-wrap elementor-element-populated\">\n\t\t\t\t\t\t<div class=\"elementor-element elementor-element-199f342c elementor-view-stacked elementor-widget__width-auto elementor-shape-circle elementor-widget elementor-widget-icon\" data-id=\"199f342c\" data-element_type=\"widget\" data-widget_type=\"icon.default\">\n\t\t\t\t\t\t\t<div class=\"elementor-icon-wrapper\">\n\t\t\t<div class=\"elementor-icon\">\n\t\t\t<i aria-hidden=\"true\" class=\"icon icon-balance1\"><\/i>\t\t\t<\/div>\n\t\t<\/div>\n\t\t\t\t\t\t<\/div>\n\t\t\t\t<div class=\"elementor-element elementor-element-7c95f3ad elementor-widget__width-auto elementor-widget elementor-widget-heading\" data-id=\"7c95f3ad\" data-element_type=\"widget\" data-widget_type=\"heading.default\">\n\t\t\t\t\t<h3 class=\"elementor-heading-title elementor-size-default\">Collaboration<\/h3>\t\t\t\t<\/div>\n\t\t\t\t<div class=\"elementor-element elementor-element-1213c50f elementor-widget elementor-widget-text-editor\" data-id=\"1213c50f\" data-element_type=\"widget\" data-widget_type=\"text-editor.default\">\n\t\t\t\t\t\t\t\t\t<p>Avancer ensemble vers vos objectifs.<\/p>\t\t\t\t\t\t\t\t<\/div>\n\t\t\t\t\t<\/div>\n\t\t<\/div>\n\t\t\t\t\t<\/div>\n\t\t<\/section>\n\t\t\t\t\t<\/div>\n\t\t<\/div>\n\t\t\t\t\t<\/div>\n\t\t<\/section>\n\t\t\t\t<section class=\"elementor-section elementor-top-section elementor-element elementor-element-5a478880 elementor-section-boxed elementor-section-height-default elementor-section-height-default\" data-id=\"5a478880\" data-element_type=\"section\" data-settings=\"{&quot;background_background&quot;:&quot;classic&quot;}\">\n\t\t\t\t\t\t\t<div class=\"elementor-background-overlay\"><\/div>\n\t\t\t\t\t\t\t<div class=\"elementor-container elementor-column-gap-default\">\n\t\t\t\t\t<div class=\"elementor-column elementor-col-100 elementor-top-column elementor-element elementor-element-d4287a3\" data-id=\"d4287a3\" data-element_type=\"column\">\n\t\t\t<div class=\"elementor-widget-wrap elementor-element-populated\">\n\t\t\t\t\t\t<div class=\"elementor-element elementor-element-6cbe353e elementor-invisible elementor-widget elementor-widget-heading\" data-id=\"6cbe353e\" data-element_type=\"widget\" data-settings=\"{&quot;_animation&quot;:&quot;fadeIn&quot;,&quot;_animation_delay&quot;:200}\" data-widget_type=\"heading.default\">\n\t\t\t\t\t<h2 class=\"elementor-heading-title elementor-size-default\">Parcours &amp; Experience<\/h2>\t\t\t\t<\/div>\n\t\t\t\t<div class=\"elementor-element elementor-element-21bd3e12 elementor-invisible elementor-widget elementor-widget-text-editor\" data-id=\"21bd3e12\" data-element_type=\"widget\" data-settings=\"{&quot;_animation&quot;:&quot;fadeIn&quot;,&quot;_animation_delay&quot;:400}\" data-widget_type=\"text-editor.default\">\n\t\t\t\t\t\t\t\t\t<p><em><strong data-start=\"99\" data-end=\"243\">Je suis Estelle Francis, psychologue clinicienne, et j\u2019ai cr\u00e9\u00e9 Metano\u00efa pour proposer des consultations psychologiques accessibles \u00e0 tous.<\/strong><\/em><\/p>\t\t\t\t\t\t\t\t<\/div>\n\t\t\t\t<section class=\"elementor-section elementor-inner-section elementor-element elementor-element-edecaed elementor-reverse-mobile elementor-section-boxed elementor-section-height-default elementor-section-height-default\" data-id=\"edecaed\" data-element_type=\"section\" data-settings=\"{&quot;background_background&quot;:&quot;slideshow&quot;,&quot;background_slideshow_gallery&quot;:[],&quot;background_slideshow_loop&quot;:&quot;yes&quot;,&quot;background_slideshow_slide_duration&quot;:5000,&quot;background_slideshow_slide_transition&quot;:&quot;fade&quot;,&quot;background_slideshow_transition_duration&quot;:500}\">\n\t\t\t\t\t\t<div class=\"elementor-container elementor-column-gap-default\">\n\t\t\t\t\t<div class=\"elementor-column elementor-col-50 elementor-inner-column elementor-element elementor-element-7ec7a5b8 elementor-invisible\" data-id=\"7ec7a5b8\" data-element_type=\"column\" data-settings=\"{&quot;background_background&quot;:&quot;classic&quot;,&quot;animation&quot;:&quot;fadeIn&quot;,&quot;animation_delay&quot;:400}\">\n\t\t\t<div class=\"elementor-widget-wrap elementor-element-populated\">\n\t\t\t\t\t\t<div class=\"elementor-element elementor-element-3350d362 elementor-widget-divider--view-line elementor-widget elementor-widget-divider\" data-id=\"3350d362\" data-element_type=\"widget\" data-widget_type=\"divider.default\">\n\t\t\t\t\t\t\t<div class=\"elementor-divider\">\n\t\t\t<span class=\"elementor-divider-separator\">\n\t\t\t\t\t\t<\/span>\n\t\t<\/div>\n\t\t\t\t\t\t<\/div>\n\t\t\t\t\t<\/div>\n\t\t<\/div>\n\t\t\t\t<div class=\"elementor-column elementor-col-50 elementor-inner-column elementor-element elementor-element-4965c716\" data-id=\"4965c716\" data-element_type=\"column\">\n\t\t\t<div class=\"elementor-widget-wrap elementor-element-populated\">\n\t\t\t\t<div class=\"elementor-element elementor-element-79013f2a e-flex e-con-boxed e-con e-parent\" data-id=\"79013f2a\" data-element_type=\"container\">\n\t\t\t\t\t<div class=\"e-con-inner\">\n\t\t\t\t<div class=\"elementor-element elementor-element-6e050200 elementor-widget elementor-widget-text-editor\" data-id=\"6e050200\" data-element_type=\"widget\" data-widget_type=\"text-editor.default\">\n\t\t\t\t\t\t\t\t\t<p>Mon projet est d\u2019abord n\u00e9 avec l\u2019envie de rendre l\u2019accompagnement disponible en ligne pour un public mauricien.<\/p><p>Aujourd\u2019hui, je pr\u00e9pare \u00e9galement l&#8217;ouverture d&#8217;une pratique en lib\u00e9ral en France, en ligne comme en pr\u00e9sentiel.\u00a0<\/p><p>Au plaisir de vous rencontrer,<\/p><p><em>Estelle Francis.<\/em><\/p><p><em><strong>Parcours &amp; Exp\u00e9rience :<\/strong><\/em><\/p><ul><li><em>Sp\u00e9cialis\u00e9e en Neuropsychologie et en psychopathologie, dipl\u00f4m\u00e9e d\u2019un Master 2 de l\u2019Universit\u00e9 Paul Val\u00e9ry Montpellier 3.<\/em><\/li><\/ul><ul><li><em>2 ans d\u2019enseignement en Licence de Psychologie \u00e0 l\u2019Universit\u00e9 Paul Val\u00e9ry Montpellier 3.<\/em><\/li><\/ul><ul><li><em>3 ans Psychologue \u00e0 l\u2019APF France Handicap (Service m\u00e9dico-social \u00e0 domicile).<\/em><\/li><\/ul><ul><li><em>1 an &amp; 6 mois\u00a0 Psychologue au CAJOU (Accueil de jour pour les personnes atteintes de la maladie d\u2019Alzheimer et troubles apparent\u00e9s) \u00e0 Montpellier.<\/em><\/li><\/ul><ul><li><em>Psychologue clinicienne sur le Service d\u2019\u00e9coute en ligne de Konekte, \u00eele Maurice.<\/em><\/li><\/ul>\t\t\t\t\t\t\t\t<\/div>\n\t\t\t\t\t<\/div>\n\t\t\t\t<\/div>\n\t\t\t\t\t<\/div>\n\t\t<\/div>\n\t\t\t\t\t<\/div>\n\t\t<\/section>\n\t\t\t\t\t<\/div>\n\t\t<\/div>\n\t\t\t\t\t<\/div>\n\t\t<\/section>\n\t\t\t\t<\/div>\n\t\t","protected":false},"excerpt":{"rendered":"<p>A Propos Metano\u00efa est une invitation \u00e0 la transformation int\u00e9rieure, \u00e0 un &#8220;changement de vue&#8221; \u00a0 METANOIA \u00ab\u00a0\u2026 au-del\u00e0 de nous, au-del\u00e0 de l\u2019intellect, de notre raison rationnelle et se rapporte \u00e0 un mouvement de conversion ou de retournement par lequel l\u2019homme s\u2019ouvre \u00e0 plus grand que lui-m\u00eame en lui-m\u00eame\u00a0\u00bb L&#8217;espace est d\u00e9di\u00e9 \u00e0 l&#8217;accompagnement [&hellip;]<\/p>\n","protected":false},"author":1,"featured_media":0,"parent":0,"menu_order":0,"comment_status":"closed","ping_status":"closed","template":"elementor_header_footer","meta":{"footnotes":""},"class_list":["post-313","page","type-page","status-publish","hentry"],"_links":{"self":[{"href":"https:\/\/metanoialtd.com\/index.php\/wp-json\/wp\/v2\/pages\/313","targetHints":{"allow":["GET"]}}],"collection":[{"href":"https:\/\/metanoialtd.com\/index.php\/wp-json\/wp\/v2\/pages"}],"about":[{"href":"https:\/\/metanoialtd.com\/index.php\/wp-json\/wp\/v2\/types\/page"}],"author":[{"embeddable":true,"href":"https:\/\/metanoialtd.com\/index.php\/wp-json\/wp\/v2\/users\/1"}],"replies":[{"embeddable":true,"href":"https:\/\/metanoialtd.com\/index.php\/wp-json\/wp\/v2\/comments?post=313"}],"version-history":[{"count":18,"href":"https:\/\/metanoialtd.com\/index.php\/wp-json\/wp\/v2\/pages\/313\/revisions"}],"predecessor-version":[{"id":713,"href":"https:\/\/metanoialtd.com\/index.php\/wp-json\/wp\/v2\/pages\/313\/revisions\/713"}],"wp:attachment":[{"href":"https:\/\/metanoialtd.com\/index.php\/wp-json\/wp\/v2\/media?parent=313"}],"curies":[{"name":"wp","href":"https:\/\/api.w.org\/{rel}","templated":true}]}}